{"id":38,"date":"2026-02-06T12:15:24","date_gmt":"2026-02-06T11:15:24","guid":{"rendered":"https:\/\/www.edelco.eu\/?page_id=38"},"modified":"2026-02-10T15:04:18","modified_gmt":"2026-02-10T14:04:18","slug":"company","status":"publish","type":"page","link":"https:\/\/www.edelco.eu\/de\/company","title":{"rendered":"Unternehmen"},"content":{"rendered":"<h2 class=\"wp-block-heading\">Willkommen bei Edelco<\/h2>\n\n\n\n<p>Seit 1962 ist Wunsiedel, eine kleine Stadt in Nordbayern, der Ursprung und Hauptsitz \u2013 nicht nur erstklassiger Schleifwerkzeuge, sondern auch langj\u00e4hriger internationaler Zusammenarbeit und begeisterter Anwender weltweit.<\/p>\n\n\n<div class=\"wp-block-image\">\n<figure class=\"aligncenter size-full\"><img loading=\"lazy\" decoding=\"async\" width=\"2560\" height=\"1496\" src=\"https:\/\/www.edelco.eu\/wp-content\/uploads\/2026\/02\/wunsiedel-scaled.jpg\" alt=\"\" class=\"wp-image-47\" srcset=\"https:\/\/www.edelco.eu\/wp-content\/uploads\/2026\/02\/wunsiedel-scaled.jpg 2560w, https:\/\/www.edelco.eu\/wp-content\/uploads\/2026\/02\/wunsiedel-300x175.jpg 300w, https:\/\/www.edelco.eu\/wp-content\/uploads\/2026\/02\/wunsiedel-1024x598.jpg 1024w, https:\/\/www.edelco.eu\/wp-content\/uploads\/2026\/02\/wunsiedel-768x449.jpg 768w, https:\/\/www.edelco.eu\/wp-content\/uploads\/2026\/02\/wunsiedel-1536x898.jpg 1536w, https:\/\/www.edelco.eu\/wp-content\/uploads\/2026\/02\/wunsiedel-2048x1197.jpg 2048w\" sizes=\"auto, (max-width: 2560px) 100vw, 2560px\" \/><\/figure>\n<\/div>\n\n\n<div style=\"height:30px\" aria-hidden=\"true\" class=\"wp-block-spacer\"><\/div>\n\n\n\n<p>Edelco wurde 2023 gegr\u00fcndet, um diese traditionsreiche Geschichte und diesen Geist fortzuf\u00fchren, die seit mehr als 60 Jahren bestehen.<\/p>\n\n\n\n<p>Denn wir sind \u00fcberzeugt, dass enge und vertrauensvolle Beziehungen die Grundlage f\u00fcr Erfolg sind. Das \u201eEdel\u201c in unserem Namen stammt von Wunsiedel \u2013 unserer Heimat, in der wir tief verwurzelt sind. Unsere Herkunft steht f\u00fcr unser Engagement, nachhaltige und verl\u00e4ssliche Partnerschaften aufzubauen.<\/p>\n\n\n\n<p>Zudem bedeutet \u201eedel\u201c im Deutschen auch hochwertig \u2013 und genau das spiegelt die Essenz unserer Produkte wider: hochwertig in der Leistung, hochwertig in der Sicherheit und hochwertig im Preis-Leistungs-Verh\u00e4ltnis. F\u00fcr zufriedene Anwender weltweit.<\/p>\n\n\n\n<p>Unsere Produkte werden in Zusammenarbeit mit langj\u00e4hrig erfahrenen Herstellern gefertigt. Diese erf\u00fcllen nicht nur h\u00f6chste Qualit\u00e4tsanforderungen, sondern auch unser klares Bekenntnis zu Qualit\u00e4t und Wirtschaftlichkeit.<\/p>\n\n\n\n<p>Das \u201eCo\u201c in Edelco steht f\u00fcr weltweite Kooperation und Freundschaft in der Schleifmittelbranche. Unser Motto \u201eFriends in Abrasives\u201c ist eine Leidenschaft, die wir seit mehr als 30 Jahren leben \u2013 und die uns im Markt deutlich unterscheidet.<\/p>\n\n\n\n<div style=\"height:100px\" aria-hidden=\"true\" class=\"wp-block-spacer\"><\/div>\n\n\n\n<h2 class=\"wp-block-heading\">Zertifizierte Sicherheit<\/h2>\n\n\n\n<div class=\"wp-block-media-text is-stacked-on-mobile\" style=\"grid-template-columns:15% auto\"><figure class=\"wp-block-media-text__media\"><img loading=\"lazy\" decoding=\"async\" width=\"300\" height=\"190\" src=\"https:\/\/www.edelco.eu\/wp-content\/uploads\/2026\/02\/osa-300x190.jpg\" alt=\"\" class=\"wp-image-48 size-medium\" srcset=\"https:\/\/www.edelco.eu\/wp-content\/uploads\/2026\/02\/osa-300x190.jpg 300w, https:\/\/www.edelco.eu\/wp-content\/uploads\/2026\/02\/osa.jpg 500w\" sizes=\"auto, (max-width: 300px) 100vw, 300px\" \/><\/figure><div class=\"wp-block-media-text__content\">\n<p>Die Fabriken werden von der Organisation f\u00fcr die Sicherheit von Schleifmitteln auditiert und zertifiziert.<\/p>\n\n\n\n<p>Unsere Produkte tragen das oSa-Zeichen, das Symbol f\u00fcr Sicherheit.<\/p>\n<\/div><\/div>\n\n\n\n<p>Edelco-Produkte werden nach den weltweit strengsten Vorschriften hergestellt. Sie entsprechen den:<\/p>\n\n\n\n<div class=\"wp-block-group\" style=\"margin-top:var(--wp--preset--spacing--30);margin-bottom:var(--wp--preset--spacing--30)\"><div class=\"wp-block-group__inner-container is-layout-constrained wp-block-group-is-layout-constrained\">\n<h3 class=\"wp-block-heading\">EN 12413<\/h3>\n\n\n\n<p>Europ\u00e4ische Sicherheitsnorm f\u00fcr Trenn- und Schruppscheiben.<\/p>\n<\/div><\/div>\n\n\n\n<div class=\"wp-block-group\" style=\"margin-top:var(--wp--preset--spacing--30);margin-bottom:var(--wp--preset--spacing--30)\"><div class=\"wp-block-group__inner-container is-layout-constrained wp-block-group-is-layout-constrained\">\n<h3 class=\"wp-block-heading\">EN 13743<\/h3>\n\n\n\n<p>Europ\u00e4ische Sicherheitsnorm f\u00fcr gebundene Schleifmittel.<\/p>\n<\/div><\/div>\n\n\n\n<div class=\"wp-block-group\" style=\"margin-top:var(--wp--preset--spacing--30);margin-bottom:var(--wp--preset--spacing--30)\"><div class=\"wp-block-group__inner-container is-layout-constrained wp-block-group-is-layout-constrained\">\n<h3 class=\"wp-block-heading\">EN 13236<\/h3>\n\n\n\n<p>Europ\u00e4ische Sicherheitsnorm f\u00fcr Diamantwerkzeuge.<\/p>\n<\/div><\/div>\n\n\n\n<div class=\"wp-block-group\" style=\"margin-top:var(--wp--preset--spacing--30);margin-bottom:var(--wp--preset--spacing--30)\"><div class=\"wp-block-group__inner-container is-layout-constrained wp-block-group-is-layout-constrained\">\n<h3 class=\"wp-block-heading\">DIN ISO 13942, 603-16, 6103, 15635<\/h3>\n\n\n\n<p>Abmessungen, Toleranzen und Unwucht.<\/p>\n\n\n\n<div style=\"height:100px\" aria-hidden=\"true\" class=\"wp-block-spacer\"><\/div>\n<\/div><\/div>\n\n\n\n<h2 class=\"wp-block-heading\">Moderne Logistik<\/h2>\n\n\n\n<p>Ein modernes Logistiklager mit entsprechender Infrastruktur und automatisierten Lagersystemen gew\u00e4hrleistet vollst\u00e4ndige und termingerechte Lieferungen \u2013 zur Zufriedenheit unserer Kunden. Intelligente Software sorgt dabei f\u00fcr transparente und effiziente Logistikprozesse.<\/p>\n\n\n<div class=\"wp-block-image\">\n<figure class=\"aligncenter size-full\"><img loading=\"lazy\" decoding=\"async\" width=\"2048\" height=\"1366\" src=\"https:\/\/www.edelco.eu\/wp-content\/uploads\/2026\/02\/12_DSC04164.jpg\" alt=\"\" class=\"wp-image-50\" srcset=\"https:\/\/www.edelco.eu\/wp-content\/uploads\/2026\/02\/12_DSC04164.jpg 2048w, https:\/\/www.edelco.eu\/wp-content\/uploads\/2026\/02\/12_DSC04164-300x200.jpg 300w, https:\/\/www.edelco.eu\/wp-content\/uploads\/2026\/02\/12_DSC04164-1024x683.jpg 1024w, https:\/\/www.edelco.eu\/wp-content\/uploads\/2026\/02\/12_DSC04164-768x512.jpg 768w, https:\/\/www.edelco.eu\/wp-content\/uploads\/2026\/02\/12_DSC04164-1536x1025.jpg 1536w\" sizes=\"auto, (max-width: 2048px) 100vw, 2048px\" \/><\/figure>\n<\/div>","protected":false},"excerpt":{"rendered":"<p>Welcome to Edelco Since 1962 Wunsiedel, a small town in Northern Bavaria, has been the origin and the headquarter, not only of first-class abrasive tools, but also of longtime international cooperation and enthusiastic users worldwide. Edelco has been founded in 2023 to continue the rich tradition and this spirit, that has been present for more [&hellip;]<\/p>\n","protected":false},"author":1,"featured_media":0,"parent":0,"menu_order":0,"comment_status":"closed","ping_status":"closed","template":"","meta":{"footnotes":""},"class_list":["post-38","page","type-page","status-publish","hentry"],"_links":{"self":[{"href":"https:\/\/www.edelco.eu\/de\/wp-json\/wp\/v2\/pages\/38","targetHints":{"allow":["GET"]}}],"collection":[{"href":"https:\/\/www.edelco.eu\/de\/wp-json\/wp\/v2\/pages"}],"about":[{"href":"https:\/\/www.edelco.eu\/de\/wp-json\/wp\/v2\/types\/page"}],"author":[{"embeddable":true,"href":"https:\/\/www.edelco.eu\/de\/wp-json\/wp\/v2\/users\/1"}],"replies":[{"embeddable":true,"href":"https:\/\/www.edelco.eu\/de\/wp-json\/wp\/v2\/comments?post=38"}],"version-history":[{"count":16,"href":"https:\/\/www.edelco.eu\/de\/wp-json\/wp\/v2\/pages\/38\/revisions"}],"predecessor-version":[{"id":291,"href":"https:\/\/www.edelco.eu\/de\/wp-json\/wp\/v2\/pages\/38\/revisions\/291"}],"wp:attachment":[{"href":"https:\/\/www.edelco.eu\/de\/wp-json\/wp\/v2\/media?parent=38"}],"curies":[{"name":"wp","href":"https:\/\/api.w.org\/{rel}","templated":true}]}}