{"id":17,"date":"2026-02-04T11:52:53","date_gmt":"2026-02-04T10:52:53","guid":{"rendered":"https:\/\/www.edelco.eu\/?page_id=17"},"modified":"2026-02-23T09:04:33","modified_gmt":"2026-02-23T08:04:33","slug":"inicio","status":"publish","type":"page","link":"https:\/\/www.edelco.eu\/es\/","title":{"rendered":"Main page"},"content":{"rendered":"<div class=\"wp-block-group alignfull\"><div class=\"wp-block-group__inner-container is-layout-flow wp-block-group-is-layout-flow\">\n<div class=\"wp-block-cover aligncenter is-light\" style=\"min-height:550px;aspect-ratio:unset;\"><video class=\"wp-block-cover__video-background intrinsic-ignore\" autoplay muted loop playsinline src=\"https:\/\/www.edelco.eu\/wp-content\/uploads\/2026\/02\/256924_small.mp4\" data-object-fit=\"cover\"><\/video><span aria-hidden=\"true\" class=\"wp-block-cover__background has-background-dim-40 has-background-dim\"><\/span><div class=\"wp-block-cover__inner-container is-layout-flow wp-block-cover-is-layout-flow\">\n<div class=\"wp-block-columns is-layout-flex wp-container-core-columns-is-layout-9d6595d7 wp-block-columns-is-layout-flex\">\n<div class=\"wp-block-column is-vertically-aligned-center is-layout-flow wp-block-column-is-layout-flow\">\n<h1 class=\"wp-block-heading has-text-align-center entry-title entry-title-main has-white-color has-text-color\" style=\"font-style:normal;font-weight:600;text-transform:lowercase\">Friends in<br>abrasives<\/h1>\n\n\n\n<h3 class=\"wp-block-heading has-text-align-center has-white-color has-text-color has-link-color wp-elements-b883ce7e455b42263ef06e416c50f52a\" style=\"font-style:normal;font-weight:300\">Pasi\u00f3n \/ Rendimiento \/ Colaboraci\u00f3n<br><\/h3>\n<\/div>\n<\/div>\n<\/div><\/div>\n<\/div><\/div>\n\n\n\n<div class=\"wp-block-group element-size-large is-vertical is-layout-flex wp-container-core-group-is-layout-8cf370e7 wp-block-group-is-layout-flex\">\n<blockquote class=\"wp-block-quote has-text-align-center is-layout-flow wp-block-quote-is-layout-flow\">\n<p class=\"has-text-align-center has-medium-font-size\">Desde 1962, Wunsiedel, una peque\u00f1a ciudad del norte de Baviera, ha sido el origen y la sede, no s\u00f3lo de herramientas abrasivas de primera clase, sino tambi\u00e9n de una larga cooperaci\u00f3n internacional y de usuarios entusiastas en todo el mundo.<\/p>\n<\/blockquote>\n\n\n\n<div style=\"height:0px\" aria-hidden=\"true\" class=\"wp-block-spacer wp-container-content-f96796aa\"><\/div>\n\n\n\n<div class=\"wp-block-media-text has-media-on-the-right is-stacked-on-mobile is-image-fill-element\" style=\"grid-template-columns:auto 30%\"><div class=\"wp-block-media-text__content\">\n<div class=\"wp-block-group\"><div class=\"wp-block-group__inner-container is-layout-constrained wp-block-group-is-layout-constrained\">\n<h2 class=\"wp-block-heading\">EDELCO<\/h2>\n\n\n\n<h3 class=\"wp-block-heading\">Tradici\u00f3n y calidad<\/h3>\n<\/div><\/div>\n\n\n\n<p>Buscamos la excelencia en la calidad y seguridad de nuestros productos elaborados en colaboraci\u00f3n con fabricantes con amplia experiencia y especialistas en cada gama.<\/p>\n\n\n\n<p>Colaboraci\u00f3n es lo que ha unido a los promotores de Edelco, colegas de varios pa\u00edses, y colaboraci\u00f3n ser\u00e1 tambi\u00e9n la relaci\u00f3n diaria con los distribuidores de nuestros productos.<\/p>\n\n\n\n<p>Estos principios se reflejan en el lema de nuestra marca: \"friends in abrasives\", una pasi\u00f3n que hemos vivido durante m\u00e1s de 30 a\u00f1os y que nos diferencia en el mercado.<\/p>\n\n\n\n<p>Le damos una calurosa bienvenida a la familia Edelco.<\/p>\n\n\n\n<p><br>Continuar\u00e1.<br>Atentamente,<\/p>\n\n\n\n<p>Gabriele Reich y Johann Michel<\/p>\n<\/div><figure class=\"wp-block-media-text__media\"><img loading=\"lazy\" decoding=\"async\" width=\"1024\" height=\"456\" src=\"https:\/\/www.edelco.eu\/wp-content\/uploads\/2026\/02\/Johann-Gabi-rd-1-1024x456.jpg\" alt=\"\" class=\"wp-image-262 size-full\" style=\"object-position:50% 50%\" srcset=\"https:\/\/www.edelco.eu\/wp-content\/uploads\/2026\/02\/Johann-Gabi-rd-1-1024x456.jpg 1024w, https:\/\/www.edelco.eu\/wp-content\/uploads\/2026\/02\/Johann-Gabi-rd-1-300x133.jpg 300w, https:\/\/www.edelco.eu\/wp-content\/uploads\/2026\/02\/Johann-Gabi-rd-1-768x342.jpg 768w, https:\/\/www.edelco.eu\/wp-content\/uploads\/2026\/02\/Johann-Gabi-rd-1-1536x683.jpg 1536w, https:\/\/www.edelco.eu\/wp-content\/uploads\/2026\/02\/Johann-Gabi-rd-1-18x8.jpg 18w, https:\/\/www.edelco.eu\/wp-content\/uploads\/2026\/02\/Johann-Gabi-rd-1.jpg 2048w\" sizes=\"auto, (max-width: 1024px) 100vw, 1024px\" \/><\/figure><\/div>\n\n\n\n<div style=\"height:0px\" aria-hidden=\"true\" class=\"wp-block-spacer wp-container-content-cf2db169\"><\/div>\n<\/div>\n\n\n\n<h2 class=\"wp-block-heading has-text-align-center\">Nuestros productos<\/h2>\n\n\n    <div id=\"siguiente-seccion\" class=\"daterium-bloque-familias daterium element-size-large\" data-no-translation=\"\">\n                        <a href=\"products\/family\/1\" class=\"daterium-bloque-familia\" style=\"background-image: url('https:\/\/www.dateriumsystem.com\/appfiles\/clientes\/3\/catalogo\/500x500\/edelco_edas60w125.jpg') \">\n\n                    <div class=\"daterium-bloque-familias-colm1\">\n                        <h2 class=\"daterium-familia-nombre\">\n                            Cutting discs                        <\/h2>\n                    <\/div>\n\n                <\/a>\n\n                        <a href=\"products\/family\/2\" class=\"daterium-bloque-familia\" style=\"background-image: url('https:\/\/www.dateriumsystem.com\/appfiles\/clientes\/3\/catalogo\/500x500\/edelco_edas30r125.jpg') \">\n\n                    <div class=\"daterium-bloque-familias-colm1\">\n                        <h2 class=\"daterium-familia-nombre\">\n                            Grinding discs                        <\/h2>\n                    <\/div>\n\n                <\/a>\n\n                        <a href=\"products\/family\/3\" class=\"daterium-bloque-familia\" style=\"background-image: url('https:\/\/www.dateriumsystem.com\/appfiles\/clientes\/3\/catalogo\/500x500\/edelco_cera-plus_montaje.jpg') \">\n\n                    <div class=\"daterium-bloque-familias-colm1\">\n                        <h2 class=\"daterium-familia-nombre\">\n                            Flap discs                        <\/h2>\n                    <\/div>\n\n                <\/a>\n\n                        <a href=\"products\/family\/4\" class=\"daterium-bloque-familia\" style=\"background-image: url('https:\/\/www.dateriumsystem.com\/appfiles\/clientes\/3\/catalogo\/500x500\/edelco_edu5230.jpg') \">\n\n                    <div class=\"daterium-bloque-familias-colm1\">\n                        <h2 class=\"daterium-familia-nombre\">\n                            Diamond cutting discs                        <\/h2>\n                    <\/div>\n\n                <\/a>\n\n                        <a href=\"products\/family\/5\" class=\"daterium-bloque-familia\" style=\"background-image: url('https:\/\/www.dateriumsystem.com\/appfiles\/clientes\/3\/catalogo\/500x500\/edelco_eddstspeed115.jpg') \">\n\n                    <div class=\"daterium-bloque-familias-colm1\">\n                        <h2 class=\"daterium-familia-nombre\">\n                            Diamond cup grinders                        <\/h2>\n                    <\/div>\n\n                <\/a>\n\n                        <a href=\"products\/family\/6\" class=\"daterium-bloque-familia\" style=\"background-image: url('https:\/\/www.dateriumsystem.com\/appfiles\/clientes\/3\/catalogo\/500x500\/edelco_edpgs115.jpg') \">\n\n                    <div class=\"daterium-bloque-familias-colm1\">\n                        <h2 class=\"daterium-familia-nombre\">\n                            Backing pads                        <\/h2>\n                    <\/div>\n\n                <\/a>\n\n                        <a href=\"products\/family\/7\" class=\"daterium-bloque-familia\" style=\"background-image: url('https:\/\/www.dateriumsystem.com\/appfiles\/clientes\/3\/catalogo\/500x500\/edelco_edpapbc125_montaje.jpg') \">\n\n                    <div class=\"daterium-bloque-familias-colm1\">\n                        <h2 class=\"daterium-familia-nombre\">\n                            Polishing discs                        <\/h2>\n                    <\/div>\n\n                <\/a>\n\n                        <a href=\"products\/family\/8\" class=\"daterium-bloque-familia\" style=\"background-image: url('https:\/\/www.dateriumsystem.com\/appfiles\/clientes\/3\/catalogo\/500x500\/edelco_grind-maxx_montaje.jpg') \">\n\n                    <div class=\"daterium-bloque-familias-colm1\">\n                        <h2 class=\"daterium-familia-nombre\">\n                            Grinding pads                        <\/h2>\n                    <\/div>\n\n                <\/a>\n\n                        <a href=\"products\/family\/9\" class=\"daterium-bloque-familia\" style=\"background-image: url('https:\/\/www.dateriumsystem.com\/appfiles\/clientes\/3\/catalogo\/500x500\/interflex_af581.jpg') \">\n\n                    <div class=\"daterium-bloque-familias-colm1\">\n                        <h2 class=\"daterium-familia-nombre\">\n                            Sanding discs for grinder                        <\/h2>\n                    <\/div>\n\n                <\/a>\n\n                        <a href=\"products\/family\/10\" class=\"daterium-bloque-familia\" style=\"background-image: url('https:\/\/www.dateriumsystem.com\/appfiles\/clientes\/3\/catalogo\/500x500\/interflex_sfdc.jpg') \">\n\n                    <div class=\"daterium-bloque-familias-colm1\">\n                        <h2 class=\"daterium-familia-nombre\">\n                            Laminated abrasive discs                        <\/h2>\n                    <\/div>\n\n                <\/a>\n\n            <\/div>","protected":false},"excerpt":{"rendered":"<p>Since 1962 Wunsiedel, a small town in Northern Bavaria, has been the origin and the headquarter, not only of first-class abrasive tools, but also of longtime international cooperation and enthusiastic users worldwide. EDELCO Tradition and Quality We seek excellence in the quality and safety of our products made in collaboration with manufacturers with extensive experience [&hellip;]<\/p>\n","protected":false},"author":1,"featured_media":0,"parent":0,"menu_order":0,"comment_status":"closed","ping_status":"closed","template":"full-page.php","meta":{"footnotes":""},"class_list":["post-17","page","type-page","status-publish","hentry"],"_links":{"self":[{"href":"https:\/\/www.edelco.eu\/es\/wp-json\/wp\/v2\/pages\/17","targetHints":{"allow":["GET"]}}],"collection":[{"href":"https:\/\/www.edelco.eu\/es\/wp-json\/wp\/v2\/pages"}],"about":[{"href":"https:\/\/www.edelco.eu\/es\/wp-json\/wp\/v2\/types\/page"}],"author":[{"embeddable":true,"href":"https:\/\/www.edelco.eu\/es\/wp-json\/wp\/v2\/users\/1"}],"replies":[{"embeddable":true,"href":"https:\/\/www.edelco.eu\/es\/wp-json\/wp\/v2\/comments?post=17"}],"version-history":[{"count":68,"href":"https:\/\/www.edelco.eu\/es\/wp-json\/wp\/v2\/pages\/17\/revisions"}],"predecessor-version":[{"id":310,"href":"https:\/\/www.edelco.eu\/es\/wp-json\/wp\/v2\/pages\/17\/revisions\/310"}],"wp:attachment":[{"href":"https:\/\/www.edelco.eu\/es\/wp-json\/wp\/v2\/media?parent=17"}],"curies":[{"name":"wp","href":"https:\/\/api.w.org\/{rel}","templated":true}]}}