{"id":38,"date":"2026-02-06T12:15:24","date_gmt":"2026-02-06T11:15:24","guid":{"rendered":"https:\/\/www.edelco.eu\/?page_id=38"},"modified":"2026-02-10T15:04:18","modified_gmt":"2026-02-10T14:04:18","slug":"company","status":"publish","type":"page","link":"https:\/\/www.edelco.eu\/es\/company","title":{"rendered":"Empresa"},"content":{"rendered":"<h2 class=\"wp-block-heading\">Bienvenido a Edelco<\/h2>\n\n\n\n<p>Desde 1962, Wunsiedel, una peque\u00f1a ciudad del norte de Baviera, ha sido el origen y la sede, no s\u00f3lo de herramientas abrasivas de primera clase, sino tambi\u00e9n de una larga cooperaci\u00f3n internacional y de usuarios entusiastas en todo el mundo.<\/p>\n\n\n<div class=\"wp-block-image\">\n<figure class=\"aligncenter size-full\"><img loading=\"lazy\" decoding=\"async\" width=\"2560\" height=\"1496\" src=\"https:\/\/www.edelco.eu\/wp-content\/uploads\/2026\/02\/wunsiedel-scaled.jpg\" alt=\"\" class=\"wp-image-47\" srcset=\"https:\/\/www.edelco.eu\/wp-content\/uploads\/2026\/02\/wunsiedel-scaled.jpg 2560w, https:\/\/www.edelco.eu\/wp-content\/uploads\/2026\/02\/wunsiedel-300x175.jpg 300w, https:\/\/www.edelco.eu\/wp-content\/uploads\/2026\/02\/wunsiedel-1024x598.jpg 1024w, https:\/\/www.edelco.eu\/wp-content\/uploads\/2026\/02\/wunsiedel-768x449.jpg 768w, https:\/\/www.edelco.eu\/wp-content\/uploads\/2026\/02\/wunsiedel-1536x898.jpg 1536w, https:\/\/www.edelco.eu\/wp-content\/uploads\/2026\/02\/wunsiedel-2048x1197.jpg 2048w\" sizes=\"auto, (max-width: 2560px) 100vw, 2560px\" \/><\/figure>\n<\/div>\n\n\n<div style=\"height:30px\" aria-hidden=\"true\" class=\"wp-block-spacer\"><\/div>\n\n\n\n<p>Edelco ha sido fundada en 2023 para continuar la rica tradici\u00f3n y este esp\u00edritu, que ha estado presente durante m\u00e1s de 60 a\u00f1os.<\/p>\n\n\n\n<p>Porque pensamos que las relaciones estrechas y de confianza son la base del \u00e9xito. El \u201cEdel\u201d de nuestro nombre procede del lugar Wunsiedel, nuestro patrimonio local, donde estamos profundamente arraigados. Nuestra herencia habla de nuestra dedicaci\u00f3n, creando asociaciones duraderas con nuestros socios.<\/p>\n\n\n\n<p>Adem\u00e1s, Edel en alem\u00e1n significa con clase, lo que refleja la esencia de nuestros productos: Clase en rendimiento, clase en seguridad y clase en relaci\u00f3n calidad-precio. Para usuarios satisfechos en todo el mundo.<\/p>\n\n\n\n<p>Nuestros productos se fabrican en colaboraci\u00f3n con productores experimentados desde hace mucho tiempo. Esto no s\u00f3lo satisface las m\u00e1s altas exigencias de calidad, sino tambi\u00e9n nuestro compromiso con la calidad y la relaci\u00f3n calidad-precio.<\/p>\n\n\n\n<p>La idea de \u201cCo\u201d en Edelco significa cooperaci\u00f3n mundial y amigos en abrasivos. Nuestro lema es \u201cFriends in Abrasives\u201d, una pasi\u00f3n que vivimos desde hace m\u00e1s de 30 a\u00f1os y que nos diferencia en el mercado.<\/p>\n\n\n\n<div style=\"height:100px\" aria-hidden=\"true\" class=\"wp-block-spacer\"><\/div>\n\n\n\n<h2 class=\"wp-block-heading\">Seguridad certificada<\/h2>\n\n\n\n<div class=\"wp-block-media-text is-stacked-on-mobile\" style=\"grid-template-columns:15% auto\"><figure class=\"wp-block-media-text__media\"><img loading=\"lazy\" decoding=\"async\" width=\"300\" height=\"190\" src=\"https:\/\/www.edelco.eu\/wp-content\/uploads\/2026\/02\/osa-300x190.jpg\" alt=\"\" class=\"wp-image-48 size-medium\" srcset=\"https:\/\/www.edelco.eu\/wp-content\/uploads\/2026\/02\/osa-300x190.jpg 300w, https:\/\/www.edelco.eu\/wp-content\/uploads\/2026\/02\/osa.jpg 500w\" sizes=\"auto, (max-width: 300px) 100vw, 300px\" \/><\/figure><div class=\"wp-block-media-text__content\">\n<p>Las f\u00e1bricas son auditadas y certificadas por la Organizaci\u00f3n para la Seguridad de los Abrasivos.<\/p>\n\n\n\n<p>Nuestros productos llevan la marca oSa, s\u00edmbolo de seguridad.<\/p>\n<\/div><\/div>\n\n\n\n<p>Los productos Edelco se fabrican de acuerdo con las normativas m\u00e1s estrictas del mundo. Cumplen con:<\/p>\n\n\n\n<div class=\"wp-block-group\" style=\"margin-top:var(--wp--preset--spacing--30);margin-bottom:var(--wp--preset--spacing--30)\"><div class=\"wp-block-group__inner-container is-layout-constrained wp-block-group-is-layout-constrained\">\n<h3 class=\"wp-block-heading\">EN 12413<\/h3>\n\n\n\n<p>Norma europea de seguridad para discos de corte y desbaste.<\/p>\n<\/div><\/div>\n\n\n\n<div class=\"wp-block-group\" style=\"margin-top:var(--wp--preset--spacing--30);margin-bottom:var(--wp--preset--spacing--30)\"><div class=\"wp-block-group__inner-container is-layout-constrained wp-block-group-is-layout-constrained\">\n<h3 class=\"wp-block-heading\">EN 13743<\/h3>\n\n\n\n<p>Norma europea de seguridad para abrasivos aglomerados.<\/p>\n<\/div><\/div>\n\n\n\n<div class=\"wp-block-group\" style=\"margin-top:var(--wp--preset--spacing--30);margin-bottom:var(--wp--preset--spacing--30)\"><div class=\"wp-block-group__inner-container is-layout-constrained wp-block-group-is-layout-constrained\">\n<h3 class=\"wp-block-heading\">EN 13236<\/h3>\n\n\n\n<p>Norma europea de seguridad para herramientas diamantadas.<\/p>\n<\/div><\/div>\n\n\n\n<div class=\"wp-block-group\" style=\"margin-top:var(--wp--preset--spacing--30);margin-bottom:var(--wp--preset--spacing--30)\"><div class=\"wp-block-group__inner-container is-layout-constrained wp-block-group-is-layout-constrained\">\n<h3 class=\"wp-block-heading\">DIN ISO 13942, 603-16, 6103, 15635<\/h3>\n\n\n\n<p>Dimensiones, tolerancias y desequilibrio.<\/p>\n\n\n\n<div style=\"height:100px\" aria-hidden=\"true\" class=\"wp-block-spacer\"><\/div>\n<\/div><\/div>\n\n\n\n<h2 class=\"wp-block-heading\">Log\u00edstica moderna<\/h2>\n\n\n\n<p>Un moderno almac\u00e9n log\u00edstico con la infraestructura adecuada y almacenamiento automatizado garantiza entregas completas y puntuales, para satisfacci\u00f3n de nuestros clientes. Un software inteligente permite una log\u00edstica transparente.<\/p>\n\n\n<div class=\"wp-block-image\">\n<figure class=\"aligncenter size-full\"><img loading=\"lazy\" decoding=\"async\" width=\"2048\" height=\"1366\" src=\"https:\/\/www.edelco.eu\/wp-content\/uploads\/2026\/02\/12_DSC04164.jpg\" alt=\"\" class=\"wp-image-50\" srcset=\"https:\/\/www.edelco.eu\/wp-content\/uploads\/2026\/02\/12_DSC04164.jpg 2048w, https:\/\/www.edelco.eu\/wp-content\/uploads\/2026\/02\/12_DSC04164-300x200.jpg 300w, https:\/\/www.edelco.eu\/wp-content\/uploads\/2026\/02\/12_DSC04164-1024x683.jpg 1024w, https:\/\/www.edelco.eu\/wp-content\/uploads\/2026\/02\/12_DSC04164-768x512.jpg 768w, https:\/\/www.edelco.eu\/wp-content\/uploads\/2026\/02\/12_DSC04164-1536x1025.jpg 1536w\" sizes=\"auto, (max-width: 2048px) 100vw, 2048px\" \/><\/figure>\n<\/div>","protected":false},"excerpt":{"rendered":"<p>Welcome to Edelco Since 1962 Wunsiedel, a small town in Northern Bavaria, has been the origin and the headquarter, not only of first-class abrasive tools, but also of longtime international cooperation and enthusiastic users worldwide. Edelco has been founded in 2023 to continue the rich tradition and this spirit, that has been present for more [&hellip;]<\/p>\n","protected":false},"author":1,"featured_media":0,"parent":0,"menu_order":0,"comment_status":"closed","ping_status":"closed","template":"","meta":{"footnotes":""},"class_list":["post-38","page","type-page","status-publish","hentry"],"_links":{"self":[{"href":"https:\/\/www.edelco.eu\/es\/wp-json\/wp\/v2\/pages\/38","targetHints":{"allow":["GET"]}}],"collection":[{"href":"https:\/\/www.edelco.eu\/es\/wp-json\/wp\/v2\/pages"}],"about":[{"href":"https:\/\/www.edelco.eu\/es\/wp-json\/wp\/v2\/types\/page"}],"author":[{"embeddable":true,"href":"https:\/\/www.edelco.eu\/es\/wp-json\/wp\/v2\/users\/1"}],"replies":[{"embeddable":true,"href":"https:\/\/www.edelco.eu\/es\/wp-json\/wp\/v2\/comments?post=38"}],"version-history":[{"count":16,"href":"https:\/\/www.edelco.eu\/es\/wp-json\/wp\/v2\/pages\/38\/revisions"}],"predecessor-version":[{"id":291,"href":"https:\/\/www.edelco.eu\/es\/wp-json\/wp\/v2\/pages\/38\/revisions\/291"}],"wp:attachment":[{"href":"https:\/\/www.edelco.eu\/es\/wp-json\/wp\/v2\/media?parent=38"}],"curies":[{"name":"wp","href":"https:\/\/api.w.org\/{rel}","templated":true}]}}