{"id":58,"date":"2026-02-09T12:20:15","date_gmt":"2026-02-09T11:20:15","guid":{"rendered":"https:\/\/www.edelco.eu\/?page_id=58"},"modified":"2026-02-11T17:33:18","modified_gmt":"2026-02-11T16:33:18","slug":"privacy-policy","status":"publish","type":"page","link":"https:\/\/www.edelco.eu\/es\/privacy-policy","title":{"rendered":"Pol\u00edtica de privacidad"},"content":{"rendered":"<h3 class=\"wp-block-heading\" id=\"tw-target-text\">Informaci\u00f3n sobre la recogida de datos personales y datos de contacto por parte del responsable del tratamiento<\/h3>\n\n\n\n<p>La presente Pol\u00edtica de Protecci\u00f3n de Datos explica el tipo, el alcance y la finalidad del tratamiento de datos personales (en lo sucesivo, \u201cdatos\u201d) en el contexto de la prestaci\u00f3n de nuestros servicios, as\u00ed como dentro de nuestro servicio en l\u00ednea y los sitios web, funciones y contenidos asociados, as\u00ed como las presencias en l\u00ednea externas. Con respecto a los t\u00e9rminos utilizados, como \u201ctratamiento\u201d o \u201cresponsable del tratamiento\u201d, nos remitimos a las definiciones del Art. 4 del Reglamento General de Protecci\u00f3n de Datos (RGPD).<\/p>\n\n\n\n<h3 class=\"wp-block-heading\" id=\"tw-target-text\">Responsable de Protecci\u00f3n de Datos<\/h3>\n\n\n\n<p>EDELCO GmbH<br>Wiesenm\u00fchle 1<br>D-95632 Wunsiedel<br>Tel. +49 (0) 151 41424300<br>E-Mail:\u00a0<a href=\"mailto:info@edelco.eu\">info@edelco.eu<\/a><br>Internet:\u00a0<a href=\"https:\/\/www.edelco.eu\/es\/\" data-type=\"link\" data-id=\"https:\/\/edelco.eu\/\">https:\/\/edelco.eu<\/a><\/p>\n\n\n\n<h4 class=\"wp-block-heading\">Reg\u00edstrese:<\/h4>\n\n\n\n<p>Amtsgericht Hof<br>HRB 6798<br>N\u00famero de IVA: DE 362737356<br>N\u00famero de identificaci\u00f3n fiscal: 223\/125\/20498<\/p>\n\n\n\n<h3 class=\"wp-block-heading\" id=\"tw-target-text\">Recogida de datos al visitar nuestro sitio web<\/h3>\n\n\n\n<p>Si utiliza nuestro sitio web \u00fanicamente con fines informativos, s\u00f3lo recopilaremos los datos que su navegador transmita a nuestro servidor (los denominados \u201carchivos de registro del servidor\u201d). Cuando accede a nuestro sitio web, recopilamos los siguientes datos, que son t\u00e9cnicamente necesarios para que podamos mostrarle el sitio web:<\/p>\n\n\n\n<ul class=\"wp-block-list\">\n<li>Sitio web visitado<\/li>\n\n\n\n<li>Fecha y hora de acceso<\/li>\n\n\n\n<li>Volumen de datos enviados en bytes<\/li>\n\n\n\n<li>Fuente\/enlace, desde qu\u00e9 sitio web accedi\u00f3 a la p\u00e1gina<\/li>\n\n\n\n<li>Navegador utilizado<\/li>\n\n\n\n<li>Sistema operativo utilizado<\/li>\n\n\n\n<li>Direcci\u00f3n IP utilizada (de forma an\u00f3nima, si procede)<\/li>\n<\/ul>\n\n\n\n<p>El tratamiento se lleva a cabo de conformidad con el art. 6(1)(f) GDPR sobre la base de nuestro inter\u00e9s leg\u00edtimo en mejorar la estabilidad y funcionalidad de nuestro sitio web. Los datos no se transmitir\u00e1n ni se utilizar\u00e1n de ninguna otra forma. No obstante, nos reservamos el derecho a comprobar posteriormente los archivos de registro del servidor si existen indicios concretos de uso ilegal.<\/p>\n\n\n\n<h3 class=\"wp-block-heading\" id=\"tw-target-text\">Contacto<\/h3>\n\n\n\n<p>Al ponerse en contacto con nosotros (por ejemplo, por correo electr\u00f3nico, tel\u00e9fono o redes sociales), la informaci\u00f3n facilitada por el usuario se utilizar\u00e1 para procesar la consulta de conformidad con el art. 6(1)(b) (en el contexto de relaciones contractuales\/precontractuales) y Art. 6(1)(f) (otras consultas) del RGPD. El inter\u00e9s leg\u00edtimo en este caso es el tratamiento completo y la respuesta a la consulta. La informaci\u00f3n facilitada por el usuario puede almacenarse en un sistema de gesti\u00f3n de relaciones con el cliente (\u201csistema CRM\u201d) o en un sistema comparable de gesti\u00f3n de consultas.<\/p>\n\n\n\n<p>Eliminamos las consultas en la medida en que dejan de ser necesarias. Adem\u00e1s, esta pol\u00edtica est\u00e1 sujeta a las obligaciones legales de archivo.<\/p>\n\n\n\n<h3 class=\"wp-block-heading\" id=\"tw-target-text\">Derechos del interesado<\/h3>\n\n\n\n<p>La legislaci\u00f3n aplicable en materia de protecci\u00f3n de datos le otorga amplios derechos frente a Edelco GmbH en relaci\u00f3n con el tratamiento de sus datos personales. Se destacan los siguientes derechos:<\/p>\n\n\n\n<ol class=\"wp-block-list\">\n<li><strong>Derecho de acceso<\/strong> (Art. 15 GDPR): Tiene derecho a saber qu\u00e9 datos personales se est\u00e1n tratando, los fines del tratamiento, las categor\u00edas de datos, los destinatarios y el per\u00edodo de conservaci\u00f3n.<\/li>\n\n\n\n<li><strong>Derecho de rectificaci\u00f3n<\/strong> (Art. 16 GDPR): Puede solicitar la correcci\u00f3n de datos personales inexactos o incompletos.<\/li>\n\n\n\n<li><strong>Derecho de supresi\u00f3n<\/strong> (Art. 17 GDPR): Tiene derecho a solicitar la supresi\u00f3n de sus datos personales en determinadas circunstancias, salvo excepciones legales.<\/li>\n\n\n\n<li><strong>Derecho a restringir el tratamiento<\/strong> (Art. 18 del GDPR): Puede solicitar la limitaci\u00f3n del tratamiento de sus datos si impugna su exactitud o se opone a su tratamiento.<\/li>\n\n\n\n<li><strong>Derecho de notificaci\u00f3n<\/strong> (Art. 19 GDPR): Si solicita la rectificaci\u00f3n, supresi\u00f3n o limitaci\u00f3n del tratamiento, tiene derecho a ser informado sobre los destinatarios de sus datos.<\/li>\n\n\n\n<li><strong>Derecho a la portabilidad de datos<\/strong> (Art. 20 GDPR): Puede recibir sus datos en un formato estructurado, de uso com\u00fan y lectura mec\u00e1nica y transmitirlos a otro responsable del tratamiento.<\/li>\n\n\n\n<li><strong>Derecho a retirar el consentimiento<\/strong> (Art. 7, apdo. 3 GDPR): Tiene derecho a retirar su consentimiento en cualquier momento, y los datos afectados se eliminar\u00e1n.<\/li>\n\n\n\n<li><strong>Derecho de oposici\u00f3n<\/strong> (Art. 21 GDPR): Puede oponerse al tratamiento de sus datos personales por motivos relacionados con su situaci\u00f3n particular.<\/li>\n\n\n\n<li><strong>Derecho a presentar una denuncia<\/strong> (Art. 77 del GDPR): Si cree que sus datos personales se est\u00e1n tratando infringiendo el GDPR, puede presentar una reclamaci\u00f3n ante una autoridad de control.<\/li>\n<\/ol>\n\n\n\n<p>Para ejercer estos derechos, puede ponerse en contacto con Edelco GmbH utilizando la informaci\u00f3n facilitada en nuestra pol\u00edtica de privacidad.<\/p>\n\n\n\n<p><\/p>\n\n\n\n<p>\u00daltima actualizaci\u00f3n: <strong>04\/11\/2024<\/strong><\/p>\n\n\n\n<p><\/p>","protected":false},"excerpt":{"rendered":"<p>Information on the collection of personal data and contact details by the controller This Data Protection Policy explains the type, scope and purpose of processing personal data (hereinafter referred to as \u201cdata\u201d) in the context of the provision of our services as well as within our online service and the associated websites, functions and content [&hellip;]<\/p>\n","protected":false},"author":1,"featured_media":0,"parent":0,"menu_order":0,"comment_status":"closed","ping_status":"closed","template":"","meta":{"footnotes":""},"class_list":["post-58","page","type-page","status-publish","hentry"],"_links":{"self":[{"href":"https:\/\/www.edelco.eu\/es\/wp-json\/wp\/v2\/pages\/58","targetHints":{"allow":["GET"]}}],"collection":[{"href":"https:\/\/www.edelco.eu\/es\/wp-json\/wp\/v2\/pages"}],"about":[{"href":"https:\/\/www.edelco.eu\/es\/wp-json\/wp\/v2\/types\/page"}],"author":[{"embeddable":true,"href":"https:\/\/www.edelco.eu\/es\/wp-json\/wp\/v2\/users\/1"}],"replies":[{"embeddable":true,"href":"https:\/\/www.edelco.eu\/es\/wp-json\/wp\/v2\/comments?post=58"}],"version-history":[{"count":5,"href":"https:\/\/www.edelco.eu\/es\/wp-json\/wp\/v2\/pages\/58\/revisions"}],"predecessor-version":[{"id":302,"href":"https:\/\/www.edelco.eu\/es\/wp-json\/wp\/v2\/pages\/58\/revisions\/302"}],"wp:attachment":[{"href":"https:\/\/www.edelco.eu\/es\/wp-json\/wp\/v2\/media?parent=58"}],"curies":[{"name":"wp","href":"https:\/\/api.w.org\/{rel}","templated":true}]}}