{"id":63,"date":"2026-02-09T13:05:27","date_gmt":"2026-02-09T12:05:27","guid":{"rendered":"https:\/\/www.edelco.eu\/?page_id=63"},"modified":"2026-02-11T17:32:59","modified_gmt":"2026-02-11T16:32:59","slug":"impressum","status":"publish","type":"page","link":"https:\/\/www.edelco.eu\/es\/impressum","title":{"rendered":"Impressum"},"content":{"rendered":"<h3 class=\"wp-block-heading\">Responsable del contenido (editor)<\/h3>\n\n\n\n<p>Edelco GmbH<\/p>\n\n\n\n<p>Wiesenm\u00fchle 1<br>D-95632 Wunsiedel<br>Tel. +49 (0) 151 41424300<br>E-Mail: <a href=\"mailto:info@edelco.eu\">info@edelco.eu<\/a><br>Internet: <a href=\"https:\/\/www.edelco.eu\/es\/\" data-type=\"link\" data-id=\"https:\/\/edelco.eu\">https:\/\/edelco.eu<\/a><\/p>\n\n\n\n<p>Reg\u00edstrese:<br>Amtsgericht Hof<br>HRB 6798<br>N\u00famero de IVA: DE 362737356<br>N\u00famero de identificaci\u00f3n fiscal: 223\/125\/20498<\/p>\n\n\n\n<h3 class=\"wp-block-heading\">Copyright<\/h3>\n\n\n\n<p>Copyright Edelco. Todos los derechos reservados. Los documentos de la World Wide Web (incluyendo, pero sin limitarse a, texto, im\u00e1genes, enlaces, datos y otras partes de los documentos) y otros archivos ofrecidos en este servidor de la World Wide Web (\u201cinformaci\u00f3n\u201d) est\u00e1n destinados exclusivamente para su uso como un servicio de informaci\u00f3n para los clientes de Edelco GmbH.<\/p>\n\n\n\n<h3 class=\"wp-block-heading\">Descargo de responsabilidad<\/h3>\n\n\n\n<p>Edelco GmbH ofrece la informaci\u00f3n proporcionada \u201ctal cual\u201d, sujeta a cambios sin previo aviso, sin obligaci\u00f3n y sin garant\u00eda expresa o impl\u00edcita. Edelco GmbH no se hace responsable de la actualizaci\u00f3n, exactitud, integridad o calidad de la informaci\u00f3n proporcionada. Edelco GmbH se reserva expresamente el derecho a modificar, a\u00f1adir o eliminar informaci\u00f3n o secciones de informaci\u00f3n o productos\/servicios descritos en la misma sin previo aviso. Edelco GmbH excluye cualquier reclamaci\u00f3n de responsabilidad basada en da\u00f1os materiales o inmateriales resultantes del uso y\/o incumplimiento de la informaci\u00f3n proporcionada.<\/p>\n\n\n\n<h3 class=\"wp-block-heading\">Enlaces<\/h3>\n\n\n\n<p>La informaci\u00f3n proporcionada por Edelco GmbH puede contener enlaces a otros sitios web. Edelco GmbH no tiene ninguna influencia en el dise\u00f1o actual y futuro o en el contenido de las p\u00e1ginas de Internet enlazadas directa o indirectamente, que no hayan sido desarrolladas por Edelco GmbH. Edelco GmbH declara que los sitios web con enlaces desde el sitio web de Edelco no conten\u00edan material ilegal en el momento en que se cre\u00f3 el enlace. Edelco GmbH se distancia por la presente del contenido de los sitios web que hayan sido modificados desde que se cre\u00f3 el enlace. Edelco GmbH no se hace responsable de las reclamaciones derivadas del contenido ilegal, incorrecto o incompleto de los sitios web enlazados. El operador del sitio web en cuesti\u00f3n es el \u00fanico responsable de las reclamaciones derivadas de la informaci\u00f3n de este tipo ofrecida en el sitio web.<\/p>\n\n\n\n<h3 class=\"wp-block-heading\">Marcas comerciales y marcas registradas<\/h3>\n\n\n\n<p>Todas las marcas comerciales y marcas registradas contenidas en este sitio web, incluidas las protegidas por terceros, est\u00e1n sujetas sin restricciones a los derechos de autor y otros derechos de propiedad intelectual aplicables de los propietarios registrados.<\/p>\n\n\n\n<h3 class=\"wp-block-heading\">Pol\u00edtica de privacidad<\/h3>\n\n\n\n<p>Para consultar nuestra pol\u00edtica de privacidad, haga clic en <strong><a href=\"https:\/\/www.edelco.eu\/es\/privacy-policy\/\">aqu\u00ed<\/a><\/strong>.<\/p>","protected":false},"excerpt":{"rendered":"<p>Responsible for the content (publisher) Edelco GmbH Wiesenm\u00fchle 1D-95632 WunsiedelTel. +49 (0) 151 41424300E-Mail: info@edelco.euInternet: https:\/\/edelco.eu Register:Amtsgericht HofHRB 6798VAT number: DE 362737356Tax-number: 223\/125\/20498 Copyright \u00a9 Copyright Edelco. All rights reserved. The World Wide Web documents (including, but not restricted to, text, images, links, data and other parts of the documents) and other files offered on [&hellip;]<\/p>\n","protected":false},"author":1,"featured_media":0,"parent":0,"menu_order":0,"comment_status":"closed","ping_status":"closed","template":"","meta":{"footnotes":""},"class_list":["post-63","page","type-page","status-publish","hentry"],"_links":{"self":[{"href":"https:\/\/www.edelco.eu\/es\/wp-json\/wp\/v2\/pages\/63","targetHints":{"allow":["GET"]}}],"collection":[{"href":"https:\/\/www.edelco.eu\/es\/wp-json\/wp\/v2\/pages"}],"about":[{"href":"https:\/\/www.edelco.eu\/es\/wp-json\/wp\/v2\/types\/page"}],"author":[{"embeddable":true,"href":"https:\/\/www.edelco.eu\/es\/wp-json\/wp\/v2\/users\/1"}],"replies":[{"embeddable":true,"href":"https:\/\/www.edelco.eu\/es\/wp-json\/wp\/v2\/comments?post=63"}],"version-history":[{"count":2,"href":"https:\/\/www.edelco.eu\/es\/wp-json\/wp\/v2\/pages\/63\/revisions"}],"predecessor-version":[{"id":301,"href":"https:\/\/www.edelco.eu\/es\/wp-json\/wp\/v2\/pages\/63\/revisions\/301"}],"wp:attachment":[{"href":"https:\/\/www.edelco.eu\/es\/wp-json\/wp\/v2\/media?parent=63"}],"curies":[{"name":"wp","href":"https:\/\/api.w.org\/{rel}","templated":true}]}}